{"id":1507,"date":"2019-10-20T23:49:12","date_gmt":"2019-10-21T06:49:12","guid":{"rendered":"http:\/\/hispanicroundtable.org\/wp\/?page_id=1507"},"modified":"2022-08-08T22:14:52","modified_gmt":"2022-08-09T05:14:52","slug":"2019-saint-martins-university","status":"publish","type":"page","link":"http:\/\/hispanicroundtable.org\/wp\/lys\/2019-saint-martins-university\/","title":{"rendered":"2019 Saint Martin&#8217;s University"},"content":{"rendered":"<p>Students attending the 2019 LYS will automatically qualify for a <strong>one-time $500 Visit Award<\/strong> if they later choose to enroll at Saint Martin&#8217;s University!<\/p>\n<p><em>Los estudiantes que asisten al LYS 2019 calificar\u00e1n autom\u00e1ticamente para un <strong>Premio de Visita de $500<\/strong> por \u00fanica vez si luego eligen inscribirse en la Universidad de Saint Martin!<\/em><\/p>\n<h2 style=\"text-align: center;\">Schedule of Events<\/h2>\n<p><strong>7:40am \u2013 8:30am<\/strong> Check-in and registration, Norman Worthington Conference Center<\/p>\n<p><strong>8:30am &#8211; 8:50am\u00a0<\/strong>Welcome, Marcus Pavilion<\/p>\n<p><strong>8:50am \u2013 9:45am<\/strong> Keynote speaker, Marcus Pavilion &#8211; Chantal Arevalo; Teacher at Washington Middle School in Olympia, WA Graduate of Saint Martin\u2019s University Former LatinX Youth Summit attendee<\/p>\n<p><strong>10am \u2013 10:50am<\/strong>\u00a0Workshop session #1, various locations Locations and workshop descriptions found within this program<\/p>\n<p><strong>11am \u2013 11:50am<\/strong>\u00a0Workshop session #2, various locations Locations and workshop descriptions found within this program<\/p>\n<p><strong>11:45am \u2013 1:15pm<\/strong>\u00a0Lunch &amp; Exhibitor Fair, Marcus Pavilion Noon \u2013 12:30pm = Lunch Group #1 12:30pm \u2013 1pm = Lunch Group #2<\/p>\n<p><strong>1:15pm \u2013 2pm<\/strong>\u00a0Workshop session #3, various locations Locations and workshop descriptions found within this program<\/p>\n<p><strong>2pm \u2013 3pm<\/strong>\u00a0Entertainment, Marcus Pavilion &#8211; DJ Yambu<\/p>\n<p><strong>3pm \u2013 3:30pm<\/strong>\u00a0Closing, Marcus Pavilion<\/p>\n<p>&nbsp;<\/p>\n","protected":false},"excerpt":{"rendered":"<p>Students attending the 2019 LYS will automatically qualify for a one-time $500 Visit Award if they later choose to enroll at Saint Martin&#8217;s University! Los estudiantes que asisten al LYS 2019 calificar\u00e1n autom\u00e1ticamente para un Premio de Visita de $500 por \u00fanica vez si luego eligen inscribirse en la Universidad de Saint Martin! Schedule of &hellip; <a href=\"http:\/\/hispanicroundtable.org\/wp\/lys\/2019-saint-martins-university\/\" class=\"more-link\">Continue reading <span class=\"screen-reader-text\">2019 Saint Martin&#8217;s University<\/span> <span class=\"meta-nav\">&rarr;<\/span><\/a><\/p>\n","protected":false},"author":2,"featured_media":0,"parent":36,"menu_order":1,"comment_status":"closed","ping_status":"closed","template":"page-templates\/full-width.php","meta":{"ngg_post_thumbnail":0,"footnotes":""},"jetpack_sharing_enabled":true,"_links":{"self":[{"href":"http:\/\/hispanicroundtable.org\/wp\/wp-json\/wp\/v2\/pages\/1507"}],"collection":[{"href":"http:\/\/hispanicroundtable.org\/wp\/wp-json\/wp\/v2\/pages"}],"about":[{"href":"http:\/\/hispanicroundtable.org\/wp\/wp-json\/wp\/v2\/types\/page"}],"author":[{"embeddable":true,"href":"http:\/\/hispanicroundtable.org\/wp\/wp-json\/wp\/v2\/users\/2"}],"replies":[{"embeddable":true,"href":"http:\/\/hispanicroundtable.org\/wp\/wp-json\/wp\/v2\/comments?post=1507"}],"version-history":[{"count":5,"href":"http:\/\/hispanicroundtable.org\/wp\/wp-json\/wp\/v2\/pages\/1507\/revisions"}],"predecessor-version":[{"id":1551,"href":"http:\/\/hispanicroundtable.org\/wp\/wp-json\/wp\/v2\/pages\/1507\/revisions\/1551"}],"up":[{"embeddable":true,"href":"http:\/\/hispanicroundtable.org\/wp\/wp-json\/wp\/v2\/pages\/36"}],"wp:attachment":[{"href":"http:\/\/hispanicroundtable.org\/wp\/wp-json\/wp\/v2\/media?parent=1507"}],"curies":[{"name":"wp","href":"https:\/\/api.w.org\/{rel}","templated":true}]}}